{"id":7,"date":"2019-10-27T18:47:12","date_gmt":"2019-10-27T18:47:12","guid":{"rendered":"http:\/\/niemeyer-neustadt.de\/?page_id=7"},"modified":"2024-02-13T17:11:36","modified_gmt":"2024-02-13T17:11:36","slug":"beschreibung-der-zimmer","status":"publish","type":"page","link":"https:\/\/niemeyer-neustadt.de\/?page_id=7","title":{"rendered":"Niemeyer\u2019s G\u00e4stezimmer"},"content":{"rendered":"\n<h1 class=\"has-text-align-center\"><strong>Wir vermieten G\u00e4stezimmer in Neustadt am R\u00fcbenberge bei Hannover.<\/strong><\/h1>\n\n\n\n<p>Wir bieten Ihnen vier modern eingerichtete Nichtraucherzimmer.<br>In jedem Zimmer finden sie:<br>&#8211; ein Doppelbett \/ Einzelbetten<br>&#8211; eine Waschgelegenheit<br>&#8211; einen TV mit SAT-Anschluss<br>&#8211; einen kostenfreien Internetanschluss \/ WLAN<br>&#8211; und einen direkten Zugang zum Garten<\/p>\n\n\n\n<figure class=\"wp-container-2 wp-block-gallery-1 wp-block-gallery has-nested-images columns-2 is-cropped\">\n<figure class=\"wp-block-image\"><a href=\"https:\/\/niemeyer-neustadt.de\/wp-content\/uploads\/2019\/11\/Zimmer1.jpg\"><img loading=\"lazy\" width=\"1024\" height=\"683\" data-id=\"439\"  src=\"https:\/\/niemeyer-neustadt.de\/wp-content\/uploads\/2019\/11\/Zimmer1-1024x683.jpg\" alt=\"\" class=\"wp-image-439\" srcset=\"https:\/\/niemeyer-neustadt.de\/wp-content\/uploads\/2019\/11\/Zimmer1.jpg 1024w, https:\/\/niemeyer-neustadt.de\/wp-content\/uploads\/2019\/11\/Zimmer1-300x200.jpg 300w, https:\/\/niemeyer-neustadt.de\/wp-content\/uploads\/2019\/11\/Zimmer1-768x512.jpg 768w\" sizes=\"(max-width: 706px) 89vw, (max-width: 767px) 82vw, 740px\" \/><\/a><figcaption>Zimmer 1<\/figcaption><\/figure>\n\n\n\n<figure class=\"wp-block-image\"><a href=\"https:\/\/niemeyer-neustadt.de\/wp-content\/uploads\/2019\/11\/Zimmer2.jpg\"><img loading=\"lazy\" width=\"1024\" height=\"683\" data-id=\"441\"  src=\"https:\/\/niemeyer-neustadt.de\/wp-content\/uploads\/2019\/11\/Zimmer2-1024x683.jpg\" alt=\"\" class=\"wp-image-441\" srcset=\"https:\/\/niemeyer-neustadt.de\/wp-content\/uploads\/2019\/11\/Zimmer2.jpg 1024w, https:\/\/niemeyer-neustadt.de\/wp-content\/uploads\/2019\/11\/Zimmer2-300x200.jpg 300w, https:\/\/niemeyer-neustadt.de\/wp-content\/uploads\/2019\/11\/Zimmer2-768x512.jpg 768w\" sizes=\"(max-width: 706px) 89vw, (max-width: 767px) 82vw, 740px\" \/><\/a><figcaption>Zimmer 2<\/figcaption><\/figure>\n\n\n\n<figure class=\"wp-block-image\"><a href=\"https:\/\/niemeyer-neustadt.de\/wp-content\/uploads\/2019\/11\/Zimmer-3-1024x786.jpg\"><img loading=\"lazy\" width=\"1024\" height=\"786\" data-id=\"446\"  src=\"https:\/\/niemeyer-neustadt.de\/wp-content\/uploads\/2019\/11\/Zimmer-3-1024x786-1024x786.jpg\" alt=\"\" class=\"wp-image-446\" srcset=\"https:\/\/niemeyer-neustadt.de\/wp-content\/uploads\/2019\/11\/Zimmer-3-1024x786.jpg 1024w, https:\/\/niemeyer-neustadt.de\/wp-content\/uploads\/2019\/11\/Zimmer-3-1024x786-300x230.jpg 300w, https:\/\/niemeyer-neustadt.de\/wp-content\/uploads\/2019\/11\/Zimmer-3-1024x786-768x590.jpg 768w\" sizes=\"(max-width: 706px) 89vw, (max-width: 767px) 82vw, 740px\" \/><\/a><figcaption>Zimmer 3<\/figcaption><\/figure>\n\n\n\n<figure class=\"wp-block-image\"><a href=\"https:\/\/niemeyer-neustadt.de\/wp-content\/uploads\/2019\/11\/Zimmer4.jpg\"><img loading=\"lazy\" width=\"1024\" height=\"768\" data-id=\"440\"  src=\"https:\/\/niemeyer-neustadt.de\/wp-content\/uploads\/2019\/11\/Zimmer4-1024x768.jpg\" alt=\"\" class=\"wp-image-440\" srcset=\"https:\/\/niemeyer-neustadt.de\/wp-content\/uploads\/2019\/11\/Zimmer4.jpg 1024w, https:\/\/niemeyer-neustadt.de\/wp-content\/uploads\/2019\/11\/Zimmer4-300x225.jpg 300w, https:\/\/niemeyer-neustadt.de\/wp-content\/uploads\/2019\/11\/Zimmer4-768x576.jpg 768w\" sizes=\"(max-width: 706px) 89vw, (max-width: 767px) 82vw, 740px\" \/><\/a><figcaption>Zimmer 4<\/figcaption><\/figure>\n<\/figure>\n\n\n\n<p>In zwei Zimmern ist es m\u00f6glich weitere Zustellbetten oder ein Kinderbett aufzustellen. Jeweils zwei Zimmer teilen sich ein Bad mit Dusche. Alle Zimmer sind Nichtraucherzimmer. Das Mitbringen von Haustieren ist nicht erlaubt. <\/p>\n\n\n\n<p>Ihnen steht ein Aufenthalts- und Fr\u00fchst\u00fccksraum mit TV und WLAN zur Verf\u00fcgung. Bei Selbstversorgung kann ein Mikrowellenger\u00e4t,  ein Wasserkocher, ein Toaster, ein K\u00fchlschrank so wie Besteck und Geschirr genutzt werden. <\/p>\n\n\n\n<figure class=\"wp-container-4 wp-block-gallery-3 wp-block-gallery has-nested-images columns-default is-cropped\">\n<figure class=\"wp-block-image\"><img loading=\"lazy\" width=\"1024\" height=\"683\" data-id=\"437\"  src=\"https:\/\/niemeyer-neustadt.de\/wp-content\/uploads\/2019\/11\/Fruehstuecksraum-1024x683.jpg\" alt=\"\" class=\"wp-image-437\" srcset=\"https:\/\/niemeyer-neustadt.de\/wp-content\/uploads\/2019\/11\/Fruehstuecksraum.jpg 1024w, https:\/\/niemeyer-neustadt.de\/wp-content\/uploads\/2019\/11\/Fruehstuecksraum-300x200.jpg 300w, https:\/\/niemeyer-neustadt.de\/wp-content\/uploads\/2019\/11\/Fruehstuecksraum-768x512.jpg 768w\" sizes=\"(max-width: 706px) 89vw, (max-width: 767px) 82vw, 740px\" \/><figcaption>Fr\u00fchst\u00fccks- und Aufenhaltsraum mit angrenzendem Wintergarten<\/figcaption><\/figure>\n<\/figure>\n\n\n\n<p>Auf unserem Hof finden sie au\u00dferdem gen\u00fcgend Parkraum, einen gro\u00dfen Garten mit  gro\u00dfz\u00fcgiger Gr\u00fcnfl\u00e4che. Der Wintergarten l\u00e4dt zum Verweilen ein.<\/p>\n\n\n\n<figure class=\"wp-container-6 wp-block-gallery-5 wp-block-gallery has-nested-images columns-default is-cropped\">\n<figure class=\"wp-block-image\"><img loading=\"lazy\" width=\"1024\" height=\"586\" data-id=\"45\"  src=\"https:\/\/niemeyer-neustadt.de\/wp-content\/uploads\/2019\/10\/DJI_0028-zugeschnitten-1024x586.jpg\" alt=\"\" class=\"wp-image-45\" srcset=\"https:\/\/niemeyer-neustadt.de\/wp-content\/uploads\/2019\/10\/DJI_0028-zugeschnitten-1024x586.jpg 1024w, https:\/\/niemeyer-neustadt.de\/wp-content\/uploads\/2019\/10\/DJI_0028-zugeschnitten-300x172.jpg 300w, https:\/\/niemeyer-neustadt.de\/wp-content\/uploads\/2019\/10\/DJI_0028-zugeschnitten-768x440.jpg 768w\" sizes=\"(max-width: 706px) 89vw, (max-width: 767px) 82vw, 740px\" \/><figcaption>Ansicht Hof<\/figcaption><\/figure>\n<\/figure>\n\n\n\n<p><strong>Preise:<\/strong><\/p>\n\n\n\n<figure class=\"wp-block-table\"><table><tbody><tr><td>Doppelzimmer pro Nacht \/ Person<\/td><td>26,00\u20ac<\/td><\/tr><tr><td>Einzelzimmer pro Nacht \/ Person<\/td><td>29,00\u20ac<\/td><\/tr><tr><td>Fr\u00fchst\u00fcck pro Person&nbsp;<\/td><td>&nbsp;8,00\u20ac<\/td><\/tr><\/tbody><\/table><\/figure>\n\n\n\n<p>Bei einem Aufenthalt von 1-3 \u00dcbernachtungen wird ein Aufpreis berechnet.<\/p>\n\n\n\n<p>Die Zimmer sind am Abreisetag bis sp\u00e4testens 10:00Uhr zu verlassen.<\/p>\n\n\n\n<p>Wir freuen uns auf ihren Besuch.<\/p>\n\n\n\n<p><a href=\"mailto:zimmer@Niemeyer-Neustadt.de\">Terminanfrage per e-mail<\/a><\/p>\n\n\n\n<p>oder telefonisch unter:<\/p>\n\n\n\n<p>Tel.: +49 (0) 5034 \/ 926082<\/p>\n\n\n\n<p>Tel.: +49 (0) 5034 \/ 4116<\/p>\n","protected":false},"excerpt":{"rendered":"<p>Wir vermieten G\u00e4stezimmer in Neustadt am R\u00fcbenberge bei Hannover. Wir bieten Ihnen vier modern eingerichtete Nichtraucherzimmer.In jedem Zimmer finden sie:&#8211; ein Doppelbett \/ Einzelbetten&#8211; eine Waschgelegenheit&#8211; einen TV mit SAT-Anschluss&#8211; einen kostenfreien Internetanschluss \/ WLAN&#8211; und einen direkten Zugang zum Garten In zwei Zimmern ist es m\u00f6glich weitere Zustellbetten oder ein Kinderbett aufzustellen. Jeweils zwei &hellip; <\/p>\n<p class=\"link-more\"><a href=\"https:\/\/niemeyer-neustadt.de\/?page_id=7\" class=\"more-link\"><span class=\"screen-reader-text\">\u201eNiemeyer\u2019s G\u00e4stezimmer\u201c<\/span> weiterlesen<\/a><\/p>\n","protected":false},"author":1,"featured_media":274,"parent":0,"menu_order":0,"comment_status":"closed","ping_status":"closed","template":"","meta":[],"_links":{"self":[{"href":"https:\/\/niemeyer-neustadt.de\/index.php?rest_route=\/wp\/v2\/pages\/7"}],"collection":[{"href":"https:\/\/niemeyer-neustadt.de\/index.php?rest_route=\/wp\/v2\/pages"}],"about":[{"href":"https:\/\/niemeyer-neustadt.de\/index.php?rest_route=\/wp\/v2\/types\/page"}],"author":[{"embeddable":true,"href":"https:\/\/niemeyer-neustadt.de\/index.php?rest_route=\/wp\/v2\/users\/1"}],"replies":[{"embeddable":true,"href":"https:\/\/niemeyer-neustadt.de\/index.php?rest_route=%2Fwp%2Fv2%2Fcomments&post=7"}],"version-history":[{"count":28,"href":"https:\/\/niemeyer-neustadt.de\/index.php?rest_route=\/wp\/v2\/pages\/7\/revisions"}],"predecessor-version":[{"id":546,"href":"https:\/\/niemeyer-neustadt.de\/index.php?rest_route=\/wp\/v2\/pages\/7\/revisions\/546"}],"wp:featuredmedia":[{"embeddable":true,"href":"https:\/\/niemeyer-neustadt.de\/index.php?rest_route=\/wp\/v2\/media\/274"}],"wp:attachment":[{"href":"https:\/\/niemeyer-neustadt.de\/index.php?rest_route=%2Fwp%2Fv2%2Fmedia&parent=7"}],"curies":[{"name":"wp","href":"https:\/\/api.w.org\/{rel}","templated":true}]}}