{"id":4,"date":"2019-10-27T18:47:22","date_gmt":"2019-10-27T18:47:22","guid":{"rendered":"http:\/\/niemeyer-neustadt.de\/?page_id=4"},"modified":"2019-11-01T12:44:09","modified_gmt":"2019-11-01T12:44:09","slug":"herzlich-willkommen","status":"publish","type":"page","link":"https:\/\/niemeyer-neustadt.de\/","title":{"rendered":"Herzlich willkommen auf der Homepage der Familie Niemeyer"},"content":{"rendered":"\n<figure class=\"wp-block-image\"><img loading=\"lazy\" width=\"1024\" height=\"683\" src=\"https:\/\/niemeyer-neustadt.de\/wp-content\/uploads\/2019\/11\/Ansicht-Haus-1024x683.jpg\" alt=\"\" class=\"wp-image-436\" srcset=\"https:\/\/niemeyer-neustadt.de\/wp-content\/uploads\/2019\/11\/Ansicht-Haus.jpg 1024w, https:\/\/niemeyer-neustadt.de\/wp-content\/uploads\/2019\/11\/Ansicht-Haus-300x200.jpg 300w, https:\/\/niemeyer-neustadt.de\/wp-content\/uploads\/2019\/11\/Ansicht-Haus-768x512.jpg 768w\" sizes=\"(max-width: 706px) 89vw, (max-width: 767px) 82vw, 740px\" \/><\/figure>\n\n\n\n<p>Unser noch teilweise bewirtschafteter Bauernhof liegt in Dudensen, einem Stadtteil der Stadt Neustadt am R\u00fcbenberge, n\u00f6rdlich von Hannover in ruhiger Lage.<\/p>\n\n\n\n<p>Im 2 km entfernten Ort N\u00f6pke befindet sich das beheizte Freibad.<\/p>\n\n\n\n<p>In unserer N\u00e4he befindet sich die Stadt Neustadt mit dem Schlo\u00df Landestrost, der h\u00fcbschen Innenstadt und der n\u00f6rdlichsten Sektkellerei Deutschlands.<\/p>\n\n\n\n<p>Nicht weit von uns entfernt liegt das Steinhuder Meer.<\/p>\n\n\n\n<p>Die Messestadt Hannover ist \u00fcber die Bundesstra\u00dfe schnell mit dem Pkw zu erreichen.<\/p>\n\n\n\n<p>Wir sind direkt an das \u00f6ffentliche Verkehrsnetz angeschlossen, d.h. die Bushaltestelle direkt am Hof und ab Hagen oder Neustadt haben Sie Anschlu\u00df an den Bahnverkehr. Somit erreichen Sie Hannover ganz entspannt in weniger als einer Stunde.<\/p>\n\n\n\n<p>Wir vermieten regelm\u00e4\u00dfig und ganzj\u00e4hrig neu gebaute und modern ausgestattete Zimmer an Messeg\u00e4ste, Urlauber, Studenten, Sch\u00fcler, G\u00e4ste auf Montagereise.<\/p>\n\n\n\n<p style=\"font-size:25px\">Familie Niemeyer freut sich auf Ihren Besuch.<\/p>\n\n\n\n<p>Unsere Adresse lautet:<\/p>\n\n\n\n<p>Fam. Niemeyer<br>Streitfeldstr. 3<br>31535 Neustadt<\/p>\n\n\n\n<p>Telefon:&nbsp;&nbsp;&nbsp;&nbsp;&nbsp;&nbsp;&nbsp;&nbsp;&nbsp; +49 (0) 5034 \/ 926082<\/p>\n\n\n\n<p>Telefon:&nbsp;&nbsp;&nbsp;&nbsp;&nbsp;&nbsp;&nbsp;&nbsp;&nbsp; +49 (0) 5034 \/ 4116<\/p>\n\n\n\n<p>Fax:&nbsp;&nbsp;&nbsp;&nbsp;&nbsp;&nbsp;&nbsp;&nbsp;&nbsp;&nbsp;&nbsp;&nbsp;&nbsp;&nbsp;&nbsp; +49 (0) 5034 \/ 926081<\/p>\n\n\n\n<p>Mobil:&nbsp;&nbsp;&nbsp;&nbsp;&nbsp;&nbsp;&nbsp;&nbsp;&nbsp;&nbsp;&nbsp; +49 (0) 172 \/ 5848097<\/p>\n\n\n\n<p>e-mail:&nbsp;<a href=\"mailto:zimmer@Niemeyer-Neustadt.de\">zimmer@Niemeyer-Neustadt.de<\/a><\/p>\n","protected":false},"excerpt":{"rendered":"<p>Unser noch teilweise bewirtschafteter Bauernhof liegt in Dudensen, einem Stadtteil der Stadt Neustadt am R\u00fcbenberge, n\u00f6rdlich von Hannover in ruhiger Lage. Im 2 km entfernten Ort N\u00f6pke befindet sich das beheizte Freibad. In unserer N\u00e4he befindet sich die Stadt Neustadt mit dem Schlo\u00df Landestrost, der h\u00fcbschen Innenstadt und der n\u00f6rdlichsten Sektkellerei Deutschlands. Nicht weit von &hellip; <\/p>\n<p class=\"link-more\"><a href=\"https:\/\/niemeyer-neustadt.de\/\" class=\"more-link\"><span class=\"screen-reader-text\">\u201eHerzlich willkommen auf der Homepage der Familie Niemeyer\u201c<\/span> weiterlesen<\/a><\/p>\n","protected":false},"author":1,"featured_media":0,"parent":0,"menu_order":0,"comment_status":"closed","ping_status":"closed","template":"","meta":[],"_links":{"self":[{"href":"https:\/\/niemeyer-neustadt.de\/index.php?rest_route=\/wp\/v2\/pages\/4"}],"collection":[{"href":"https:\/\/niemeyer-neustadt.de\/index.php?rest_route=\/wp\/v2\/pages"}],"about":[{"href":"https:\/\/niemeyer-neustadt.de\/index.php?rest_route=\/wp\/v2\/types\/page"}],"author":[{"embeddable":true,"href":"https:\/\/niemeyer-neustadt.de\/index.php?rest_route=\/wp\/v2\/users\/1"}],"replies":[{"embeddable":true,"href":"https:\/\/niemeyer-neustadt.de\/index.php?rest_route=%2Fwp%2Fv2%2Fcomments&post=4"}],"version-history":[{"count":11,"href":"https:\/\/niemeyer-neustadt.de\/index.php?rest_route=\/wp\/v2\/pages\/4\/revisions"}],"predecessor-version":[{"id":445,"href":"https:\/\/niemeyer-neustadt.de\/index.php?rest_route=\/wp\/v2\/pages\/4\/revisions\/445"}],"wp:attachment":[{"href":"https:\/\/niemeyer-neustadt.de\/index.php?rest_route=%2Fwp%2Fv2%2Fmedia&parent=4"}],"curies":[{"name":"wp","href":"https:\/\/api.w.org\/{rel}","templated":true}]}}